{"id":267,"date":"2025-05-21T18:46:57","date_gmt":"2025-05-21T16:46:57","guid":{"rendered":"https:\/\/w2.sigob.org\/?page_id=267"},"modified":"2025-06-02T01:55:48","modified_gmt":"2025-06-01T23:55:48","slug":"proyectos","status":"publish","type":"page","link":"https:\/\/w2.sigob.org\/index.php\/proyectos","title":{"rendered":"Proyectos"},"content":{"rendered":"\t\t<div data-elementor-type=\"wp-page\" data-elementor-id=\"267\" class=\"elementor elementor-267\">\n\t\t\t\t\t\t<section class=\"elementor-section elementor-top-section elementor-element elementor-element-60a9a680 elementor-section-height-min-height pbmit-col-stretched-none pbmit-cursor-color-blackish-color pbmit-bg-color-over-image elementor-section-boxed elementor-section-height-default elementor-section-items-middle\" data-id=\"60a9a680\" data-element_type=\"section\">\n\t\t\t\t\t\t<div class=\"elementor-container elementor-column-gap-default\">\n\t\t\t\t\t<div class=\"elementor-column elementor-col-100 elementor-top-column elementor-element elementor-element-62fcd1f1 pbmit-bg-color-over-image\" data-id=\"62fcd1f1\" data-element_type=\"column\">\n\t\t\t<div class=\"elementor-widget-wrap elementor-element-populated\">\n\t\t\t\t\t\t<div class=\"elementor-element elementor-element-d3050bc elementor-widget elementor-widget-pbmit_heading\" data-id=\"d3050bc\" data-element_type=\"widget\" data-widget_type=\"pbmit_heading.default\">\n\t\t\t\t<div class=\"elementor-widget-container\">\n\t\t\t\t\t\t<div class=\"pbmit-heading-subheading pbmit-heading-subheading-style-1 pbmit-reverse-heading-yes\"><h2 class=\"pbmit-element-title\">\r\n\t\t\t\r\n\t\t\t\tProyectos que transforman <br \/>la gesti\u00f3n p\u00fablica\r\n\t\t\t\r\n\t\t\t<\/h2>\r\n\t\t<div class=\"pbmit-heading-desc\">Con m\u00e1s de 300 proyectos en 34 a\u00f1os de trayectoria, PNUD-SIGOB se destaca como un gran aliado para la transformaci\u00f3n de la gesti\u00f3n p\u00fablica alrededor del mundo. Desde la digitalizaci\u00f3n de la correspondencia de un ente p\u00fablico hasta servicios ciudadanos que involucran varias organizaciones gubernamentales, son solo algunas de las implementaciones exitosas en nuestro haber.<\/div><\/div>\t\t\t\t<\/div>\n\t\t\t\t<\/div>\n\t\t\t\t\t<\/div>\n\t\t<\/div>\n\t\t\t\t\t<\/div>\n\t\t<\/section>\n\t\t\t\t<section class=\"elementor-section elementor-top-section elementor-element elementor-element-bc41a86 pbmit-col-stretched-none pbmit-cursor-color-blackish-color pbmit-bg-color-over-image elementor-section-boxed elementor-section-height-default elementor-section-height-default\" data-id=\"bc41a86\" data-element_type=\"section\">\n\t\t\t\t\t\t<div class=\"elementor-container elementor-column-gap-default\">\n\t\t\t\t\t<div class=\"elementor-column elementor-col-100 elementor-top-column elementor-element elementor-element-2b6a86e pbmit-bg-color-over-image\" data-id=\"2b6a86e\" data-element_type=\"column\">\n\t\t\t<div class=\"elementor-widget-wrap elementor-element-populated\">\n\t\t\t\t\t\t<div class=\"elementor-element elementor-element-d33e007 elementor-widget elementor-widget-pbmit_service_element\" data-id=\"d33e007\" data-element_type=\"widget\" data-widget_type=\"pbmit_service_element.default\">\n\t\t\t\t<div class=\"elementor-widget-container\">\n\t\t\t\t\t\r\n\t\t<div class=\"pbminfotech-element pbminfotech-element-service pbmit-element-service-style-2 pbmit-element-viewtype-row-column pbmit-element-sticky-carousel-false pbminfotech-gap-default pbmit-infinite-scroll-no pbmit-infinite-scroll-button-no\" data-cpt=\"service\" data-totalpagination=\"1\" data-style=\"2\" data-show=\"6\" data-columns=\"3\" data-loop=\"false\" data-autoplay=\"false\" data-center=\"false\" data-nav=\"false\" data-dots=\"false\" data-reverse=\"false\" data-autoplayspeed=\"1000\" data-margin=\"default\"><div class=\"pbmit-element-inner\">\t\t\t<div class=\"pbmit-ele-header-area\">\r\n\t\t\t\t\t<div class=\"pbmit-heading-subheading pbmit-heading-subheading-style-1 \"><\/div>\t\t\t\t\t\t\t<\/div>\r\n\t\t\r\n\t\t<div class=\"pbmit-infinite-scroll-data\">{\"cpt\":\"service\",\"style\":\"2\",\"columns\":\"3\",\"show\":\"6\",\"from_category\":[\"proyectos\"],\"order\":\"ASC\",\"orderby\":\"DESC\"}<\/div>\r\n\t\t\t<div class=\"pbmit-element-posts-wrapper row multi-columns-row  \">\r\n\r\n\r\n\t\t\t\t\t\t\r\n\t\t\t\t<article class=\"pbmit-ele pbmit-ele-service pbmit-service-style-2 col-md-4 proyectos pbmit-term-31  \">\r\n<div class=\"pbminfotech-post-item\">\t\r\n\t<div class=\"pbmit-service-icon-wrapper\">\r\n\t\t<img decoding=\"async\" src=\"https:\/\/w2.sigob.org\/wp-content\/uploads\/2025\/05\/FLAG-HONDURAS-F.png\" \/>\t<\/div>\r\n\t<div class=\"pbmit-service-cat\"><a href=\"https:\/\/w2.sigob.org\/index.php\/archivos\/service-category\/proyectos\" rel=\"tag\">Proyectos<\/a><\/div>\r\n\t<h3 class=\"pbmit-service-title\"><a href=\"https:\/\/w2.sigob.org\/index.php\/archivos\/service\/honduras\">Honduras<\/a><\/h3>\r\n\t<div class=\"pbminfotech-box-content\">\r\n\t\t<div class=\"pbmit-featured-img-wrapper\"><div class=\"pbmit-featured-wrapper\"><a href=\"https:\/\/w2.sigob.org\/index.php\/archivos\/service\/honduras\"><img fetchpriority=\"high\" decoding=\"async\" width=\"770\" height=\"960\" src=\"https:\/\/w2.sigob.org\/wp-content\/uploads\/2025\/05\/BANDERA-HONDURAS-770x960.jpg\" class=\"attachment-pbmit-img-770x1600 size-pbmit-img-770x1600 wp-post-image\" alt=\"BANDERA-HONDURAS\" \/><\/a><\/div><\/div>\t\t<div class=\"pbmit-box-content-inner\">\r\n\t\t\t<div class=\"pbmit-service-icon-wrapper\">\r\n\t\t\t\t<img decoding=\"async\" src=\"https:\/\/w2.sigob.org\/wp-content\/uploads\/2025\/05\/FLAG-HONDURAS-F.png\" \/>\t\t\t<\/div>\r\n\t\t\t<div class=\"pbmit-service-cat\"><a href=\"https:\/\/w2.sigob.org\/index.php\/archivos\/service-category\/proyectos\" rel=\"tag\">Proyectos<\/a><\/div>\r\n\t\t\t<h3 class=\"pbmit-service-title\"><a href=\"https:\/\/w2.sigob.org\/index.php\/archivos\/service\/honduras\">Honduras<\/a><\/h3>\r\n\t\t<\/div>\r\n\t<\/div>\r\n\t<a href=\"https:\/\/w2.sigob.org\/index.php\/archivos\/service\/honduras\" class=\"pbmit-link\"><\/a>\r\n<\/div><\/article><article class=\"pbmit-ele pbmit-ele-service pbmit-service-style-2 col-md-4 proyectos pbmit-term-31  \">\r\n<div class=\"pbminfotech-post-item\">\t\r\n\t<div class=\"pbmit-service-icon-wrapper\">\r\n\t\t<img decoding=\"async\" src=\"https:\/\/w2.sigob.org\/wp-content\/uploads\/2025\/05\/FLAG-EL-SALVADOR-F.png\" \/>\t<\/div>\r\n\t<div class=\"pbmit-service-cat\"><a href=\"https:\/\/w2.sigob.org\/index.php\/archivos\/service-category\/proyectos\" rel=\"tag\">Proyectos<\/a><\/div>\r\n\t<h3 class=\"pbmit-service-title\"><a href=\"https:\/\/w2.sigob.org\/index.php\/archivos\/service\/00-el-salvador\">El Salvador<\/a><\/h3>\r\n\t<div class=\"pbminfotech-box-content\">\r\n\t\t<div class=\"pbmit-featured-img-wrapper\"><div class=\"pbmit-featured-wrapper\"><a href=\"https:\/\/w2.sigob.org\/index.php\/archivos\/service\/00-el-salvador\"><img decoding=\"async\" width=\"770\" height=\"960\" src=\"https:\/\/w2.sigob.org\/wp-content\/uploads\/2025\/05\/BANDERA-EL-SALVADOR-770x960.jpg\" class=\"attachment-pbmit-img-770x1600 size-pbmit-img-770x1600 wp-post-image\" alt=\"El Salvador\" \/><\/a><\/div><\/div>\t\t<div class=\"pbmit-box-content-inner\">\r\n\t\t\t<div class=\"pbmit-service-icon-wrapper\">\r\n\t\t\t\t<img decoding=\"async\" src=\"https:\/\/w2.sigob.org\/wp-content\/uploads\/2025\/05\/FLAG-EL-SALVADOR-F.png\" \/>\t\t\t<\/div>\r\n\t\t\t<div class=\"pbmit-service-cat\"><a href=\"https:\/\/w2.sigob.org\/index.php\/archivos\/service-category\/proyectos\" rel=\"tag\">Proyectos<\/a><\/div>\r\n\t\t\t<h3 class=\"pbmit-service-title\"><a href=\"https:\/\/w2.sigob.org\/index.php\/archivos\/service\/00-el-salvador\">El Salvador<\/a><\/h3>\r\n\t\t<\/div>\r\n\t<\/div>\r\n\t<a href=\"https:\/\/w2.sigob.org\/index.php\/archivos\/service\/00-el-salvador\" class=\"pbmit-link\"><\/a>\r\n<\/div><\/article><article class=\"pbmit-ele pbmit-ele-service pbmit-service-style-2 col-md-4 proyectos pbmit-term-31  \">\r\n<div class=\"pbminfotech-post-item\">\t\r\n\t<div class=\"pbmit-service-icon-wrapper\">\r\n\t\t<img decoding=\"async\" src=\"https:\/\/w2.sigob.org\/wp-content\/uploads\/2025\/05\/FLAG-MADAGASCAR-F.png\" \/>\t<\/div>\r\n\t<div class=\"pbmit-service-cat\"><a href=\"https:\/\/w2.sigob.org\/index.php\/archivos\/service-category\/proyectos\" rel=\"tag\">Proyectos<\/a><\/div>\r\n\t<h3 class=\"pbmit-service-title\"><a href=\"https:\/\/w2.sigob.org\/index.php\/archivos\/service\/00-madagascar\">Madagascar<\/a><\/h3>\r\n\t<div class=\"pbminfotech-box-content\">\r\n\t\t<div class=\"pbmit-featured-img-wrapper\"><div class=\"pbmit-featured-wrapper\"><a href=\"https:\/\/w2.sigob.org\/index.php\/archivos\/service\/00-madagascar\"><img decoding=\"async\" width=\"770\" height=\"960\" src=\"https:\/\/w2.sigob.org\/wp-content\/uploads\/2025\/05\/BANDERA-MADAGASCAR-770x960.jpg\" class=\"attachment-pbmit-img-770x1600 size-pbmit-img-770x1600 wp-post-image\" alt=\"Madagascar\" \/><\/a><\/div><\/div>\t\t<div class=\"pbmit-box-content-inner\">\r\n\t\t\t<div class=\"pbmit-service-icon-wrapper\">\r\n\t\t\t\t<img decoding=\"async\" src=\"https:\/\/w2.sigob.org\/wp-content\/uploads\/2025\/05\/FLAG-MADAGASCAR-F.png\" \/>\t\t\t<\/div>\r\n\t\t\t<div class=\"pbmit-service-cat\"><a href=\"https:\/\/w2.sigob.org\/index.php\/archivos\/service-category\/proyectos\" rel=\"tag\">Proyectos<\/a><\/div>\r\n\t\t\t<h3 class=\"pbmit-service-title\"><a href=\"https:\/\/w2.sigob.org\/index.php\/archivos\/service\/00-madagascar\">Madagascar<\/a><\/h3>\r\n\t\t<\/div>\r\n\t<\/div>\r\n\t<a href=\"https:\/\/w2.sigob.org\/index.php\/archivos\/service\/00-madagascar\" class=\"pbmit-link\"><\/a>\r\n<\/div><\/article>\r\n\t\t\t<\/div> <!-- .pbmit-element-posts-wrapper -->\r\n\r\n\t\t\t\r\n\t\t\r\n\t\t\r\n\t\t<\/div><!-- .pbmit-element-inner -->   <\/div><!-- .pbminfotech-element -->  \r\n\t\t\t\t\t\t<\/div>\n\t\t\t\t<\/div>\n\t\t\t\t\t<\/div>\n\t\t<\/div>\n\t\t\t\t\t<\/div>\n\t\t<\/section>\n\t\t\t\t<\/div>\n\t\t","protected":false},"excerpt":{"rendered":"<p>Proyectos que transforman la gesti\u00f3n p\u00fablica Con m\u00e1s de 300 proyectos en 34 a\u00f1os de trayectoria, PNUD-SIGOB se destaca como un gran aliado para la transformaci\u00f3n de la gesti\u00f3n p\u00fablica alrededor del mundo. Desde la digitalizaci\u00f3n de la correspondencia de un ente p\u00fablico hasta servicios ciudadanos que involucran varias organizaciones gubernamentales, son solo algunas de [&hellip;]<\/p>\n","protected":false},"author":1,"featured_media":0,"parent":0,"menu_order":0,"comment_status":"closed","ping_status":"closed","template":"","meta":{"_acf_changed":false,"inline_featured_image":false,"footnotes":""},"class_list":["post-267","page","type-page","status-publish","hentry"],"acf":[],"_links":{"self":[{"href":"https:\/\/w2.sigob.org\/index.php\/wp-json\/wp\/v2\/pages\/267","targetHints":{"allow":["GET"]}}],"collection":[{"href":"https:\/\/w2.sigob.org\/index.php\/wp-json\/wp\/v2\/pages"}],"about":[{"href":"https:\/\/w2.sigob.org\/index.php\/wp-json\/wp\/v2\/types\/page"}],"author":[{"embeddable":true,"href":"https:\/\/w2.sigob.org\/index.php\/wp-json\/wp\/v2\/users\/1"}],"replies":[{"embeddable":true,"href":"https:\/\/w2.sigob.org\/index.php\/wp-json\/wp\/v2\/comments?post=267"}],"version-history":[{"count":71,"href":"https:\/\/w2.sigob.org\/index.php\/wp-json\/wp\/v2\/pages\/267\/revisions"}],"predecessor-version":[{"id":1053,"href":"https:\/\/w2.sigob.org\/index.php\/wp-json\/wp\/v2\/pages\/267\/revisions\/1053"}],"wp:attachment":[{"href":"https:\/\/w2.sigob.org\/index.php\/wp-json\/wp\/v2\/media?parent=267"}],"curies":[{"name":"wp","href":"https:\/\/api.w.org\/{rel}","templated":true}]}}