{"id":263,"date":"2025-05-21T18:46:57","date_gmt":"2025-05-21T16:46:57","guid":{"rendered":"https:\/\/w2.sigob.org\/?page_id=263"},"modified":"2025-06-02T16:42:06","modified_gmt":"2025-06-02T14:42:06","slug":"enfoque","status":"publish","type":"page","link":"https:\/\/w2.sigob.org\/index.php\/enfoque","title":{"rendered":"Enfoque"},"content":{"rendered":"\t\t<div data-elementor-type=\"wp-page\" data-elementor-id=\"263\" class=\"elementor elementor-263\">\n\t\t\t\t\t\t<section class=\"elementor-section elementor-top-section elementor-element elementor-element-5d372d4 pbmit-section-line-yes pbmit-col-stretched-none pbmit-cursor-color-blackish-color pbmit-bg-color-over-image elementor-section-boxed elementor-section-height-default elementor-section-height-default\" data-id=\"5d372d4\" data-element_type=\"section\">\n\t\t\t\t\t\t<div class=\"elementor-container elementor-column-gap-no\">\n\t\t\t\t\t<div class=\"elementor-column elementor-col-100 elementor-top-column elementor-element elementor-element-341896e pbmit-bg-color-over-image\" data-id=\"341896e\" data-element_type=\"column\">\n\t\t\t<div class=\"elementor-widget-wrap elementor-element-populated\">\n\t\t\t\t\t\t<section class=\"elementor-section elementor-inner-section elementor-element elementor-element-c0adc51 pbmit-col-stretched-none pbmit-cursor-color-blackish-color pbmit-bg-color-over-image elementor-section-boxed elementor-section-height-default elementor-section-height-default\" data-id=\"c0adc51\" data-element_type=\"section\">\n\t\t\t\t\t\t<div class=\"elementor-container elementor-column-gap-no\">\n\t\t\t\t\t<div class=\"elementor-column elementor-col-50 elementor-inner-column elementor-element elementor-element-1900fb7 pbmit-bg-color-over-image\" data-id=\"1900fb7\" data-element_type=\"column\">\n\t\t\t<div class=\"elementor-widget-wrap elementor-element-populated\">\n\t\t\t\t\t\t<div class=\"elementor-element elementor-element-aab8485 elementor-widget elementor-widget-pbmit_heading\" data-id=\"aab8485\" data-element_type=\"widget\" data-widget_type=\"pbmit_heading.default\">\n\t\t\t\t<div class=\"elementor-widget-container\">\n\t\t\t\t\t\t<div class=\"pbmit-heading-subheading pbmit-heading-subheading-style-1 pbmit-reverse-heading-yes\"><h4 class=\"pbmit-element-subtitle\"><span>\r\n\t\t\t<\/span>\r\n\t\t\t\r\n\t\t\t\t01. NOSOTROS\r\n\t\t\t\r\n\t\t\t<\/h4>\r\n\t\t<h2 class=\"pbmit-element-title\"><span class=\"ez-toc-section\" id=\"Nuestro_enfoque\"><\/span>\r\n\t\t\t\r\n\t\t\t\tNuestro enfoque\r\n\t\t\t\r\n\t\t\t<span class=\"ez-toc-section-end\"><\/span><\/h2>\r\n\t\t<\/div>\t\t\t\t<\/div>\n\t\t\t\t<\/div>\n\t\t\t\t\t<\/div>\n\t\t<\/div>\n\t\t\t\t<div class=\"elementor-column elementor-col-50 elementor-inner-column elementor-element elementor-element-6a96c5f pbmit-bg-color-over-image\" data-id=\"6a96c5f\" data-element_type=\"column\">\n\t\t\t<div class=\"elementor-widget-wrap elementor-element-populated\">\n\t\t\t\t\t\t<div class=\"elementor-element elementor-element-6338e23 elementor-widget elementor-widget-text-editor\" data-id=\"6338e23\" data-element_type=\"widget\" data-widget_type=\"text-editor.default\">\n\t\t\t\t<div class=\"elementor-widget-container\">\n\t\t\t\t\t\t\t\t\t<p>Para el PNUD SIGOB la gobernabilidad es un m\u00e9todo de interacci\u00f3n pol\u00edtico-institucional entre el centro de gobierno con: el cuerpo del poder ejecutivo, los otros poderes del Estado, y con una amplia gama de representaciones de la sociedad civil nacional e internacional.<\/p><p>El m\u00e9todo tiene como prop\u00f3sito lograr los suficientes niveles de asociatividad intra e interinstitucionales que requieren las transformaciones que son necesarias para el desarrollo sostenible, tal cual ha sido expresado en la agenda 2030.<\/p>\t\t\t\t\t\t\t\t<\/div>\n\t\t\t\t<\/div>\n\t\t\t\t\t<\/div>\n\t\t<\/div>\n\t\t\t\t\t<\/div>\n\t\t<\/section>\n\t\t\t\t<div class=\"elementor-element elementor-element-f9af8c9 elementor-widget__width-inherit elementor-widget elementor-widget-pbmit_ptable_element\" data-id=\"f9af8c9\" data-element_type=\"widget\" data-widget_type=\"pbmit_ptable_element.default\">\n\t\t\t\t<div class=\"elementor-widget-container\">\n\t\t\t\t\t\r\n\t\t<div class=\"pbminfotech-ele pbminfotech-ele-pricing-table pbminfotech-ele-ptable-style-1\">\r\n\r\n\t\t\t\t<div class=\"pbmit-heading-subheading pbmit-heading-subheading-style-2 \"><\/div>\r\n\t\t\t<div class=\"pbmit-ptable-cols row multi-columns-row\"><div class=\"pbmit-ptable-col col-lg-4 col-md-6 col-sm-12\"><div class=\"pbmit-pricing-table-box\">\r\n\t\t<div class=\"pbmit-heading-box\">\r\n\t\t<div class=\"pbmit-head-wrap\">\r\n\t\t\t<div class=\"pbminfotech-ptable-price-w\">\r\n\t\t\t\t<h3 class=\"pbminfotech-ptable-heading\">Producir<\/h3><div class=\"pbminfotech-sep\"><\/div>\t\t\t\t<div class=\"pbmit-price-wrapper\">\r\n\t\t\t\t\t <div class=\"pbminfotech-ptable-symbol\">Impacto<\/div>\t\t\t\t<\/div>\r\n\t\t\t<\/div>\r\n\t\t\t<div class=\"pbmit-ptable-icon\"><div class=\"pbmit-ptable-icon-wrapper\"><\/div><\/div>\t\t<\/div>\r\n\t\t\t<\/div>\r\n\t<div class=\"pbmit-ptable-inner\">\r\n\t\t<div class=\"pbmit-ptable-lines-w\">\r\n\t\t\t<div class=\"pbmit-ptable-line\"><div class=\"pbmit-ptable-line-icon\"><i class=\"pbmit-greenify-icon pbmit-greenify-icon-square\"><\/i><\/div>Queremos cambiar la forma en que se trabaja en las instituciones p\u00fablicas para mejorar el impacto que estas tienen en la vida de las personas.<\/div><div class=\"pbmit-ptable-line\"><div class=\"pbmit-ptable-line-icon\"><i class=\"pbmit-greenify-icon pbmit-greenify-icon-square\"><\/i><\/div>Este prop\u00f3sito gu\u00eda nuestra labor de fortalecimiento de capacidades, desarrollo de soluciones innovadoras y acompa\u00f1amiento t\u00e9cnico. <\/div>\t\t<\/div>\r\n\t\t<div class=\"pbminfotech-ptable-btn\">\r\n\t\t\t\t\t<\/div>\r\n\t<\/div>\r\n<\/div><\/div><div class=\"pbmit-ptable-col col-lg-4 col-md-6 col-sm-12\"><div class=\"pbmit-pricing-table-box\">\r\n\t\t<div class=\"pbmit-heading-box\">\r\n\t\t<div class=\"pbmit-head-wrap\">\r\n\t\t\t<div class=\"pbminfotech-ptable-price-w\">\r\n\t\t\t\t<h3 class=\"pbminfotech-ptable-heading\">Desarrollar<\/h3><div class=\"pbminfotech-sep\"><\/div>\t\t\t\t<div class=\"pbmit-price-wrapper\">\r\n\t\t\t\t\t<div class=\"pbminfotech-ptable-symbol\">Capacidad<\/div> \t\t\t\t<\/div>\r\n\t\t\t<\/div>\r\n\t\t\t<div class=\"pbmit-ptable-icon\"><div class=\"pbmit-ptable-icon-wrapper\"><\/div><\/div>\t\t<\/div>\r\n\t\t\t<\/div>\r\n\t<div class=\"pbmit-ptable-inner\">\r\n\t\t<div class=\"pbmit-ptable-lines-w\">\r\n\t\t\t<div class=\"pbmit-ptable-line\"><div class=\"pbmit-ptable-line-icon\"><i class=\"pbmit-greenify-icon pbmit-greenify-icon-square\"><\/i><\/div>Logramos ese impacto a trav\u00e9s del fortalecimiento de capacidades de los funcionarios y la institucionalizaci\u00f3n de nuevos m\u00e9todos de trabajo. <\/div><div class=\"pbmit-ptable-line\"><div class=\"pbmit-ptable-line-icon\"><i class=\"pbmit-greenify-icon pbmit-greenify-icon-square\"><\/i><\/div>Trabajamos en la gesti\u00f3n del cambio y la implementaci\u00f3n de nuevos m\u00e9todos y soluciones digitales.<\/div>\t\t<\/div>\r\n\t\t<div class=\"pbminfotech-ptable-btn\">\r\n\t\t\t\t\t<\/div>\r\n\t<\/div>\r\n<\/div><\/div><div class=\"pbmit-ptable-col col-lg-4 col-md-6 col-sm-12\"><div class=\"pbmit-pricing-table-box\">\r\n\t\t<div class=\"pbmit-heading-box\">\r\n\t\t<div class=\"pbmit-head-wrap\">\r\n\t\t\t<div class=\"pbminfotech-ptable-price-w\">\r\n\t\t\t\t<h3 class=\"pbminfotech-ptable-heading\">Generar<\/h3><div class=\"pbminfotech-sep\"><\/div>\t\t\t\t<div class=\"pbmit-price-wrapper\">\r\n\t\t\t\t\t<div class=\"pbminfotech-ptable-symbol\">Sostenibilidad<\/div> \t\t\t\t<\/div>\r\n\t\t\t<\/div>\r\n\t\t\t<div class=\"pbmit-ptable-icon\"><div class=\"pbmit-ptable-icon-wrapper\"><\/div><\/div>\t\t<\/div>\r\n\t\t\t<\/div>\r\n\t<div class=\"pbmit-ptable-inner\">\r\n\t\t<div class=\"pbmit-ptable-lines-w\">\r\n\t\t\t<div class=\"pbmit-ptable-line\"><div class=\"pbmit-ptable-line-icon\"><i class=\"pbmit-greenify-icon pbmit-greenify-icon-square\"><\/i><\/div>Nuestro objetivo es generar un cambio de largo plazo en los procesos de trabajo. <\/div><div class=\"pbmit-ptable-line\"><div class=\"pbmit-ptable-line-icon\"><i class=\"pbmit-greenify-icon pbmit-greenify-icon-square\"><\/i><\/div>Adem\u00e1s de servicios de implementaci\u00f3n, prestamos apoyo t\u00e9cnico mediante una mesa de ayuda 24\/7 y actualizaciones de software con costo compartido.<\/div>\t\t<\/div>\r\n\t\t<div class=\"pbminfotech-ptable-btn\">\r\n\t\t\t\t\t<\/div>\r\n\t<\/div>\r\n<\/div><\/div><\/div>\r\n\t\t<\/div><!-- pbminfotech-ele pbminfotech-ele-pricing-table -->\r\n\r\n\t\t\t\t\t\t<\/div>\n\t\t\t\t<\/div>\n\t\t\t\t\t<\/div>\n\t\t<\/div>\n\t\t\t\t\t<\/div>\n\t\t<\/section>\n\t\t\t\t<section class=\"elementor-section elementor-top-section elementor-element elementor-element-a81dcb6 elementor-section-stretched elementor-section-content-middle pbmit-bg-color-yes pbmit-elementor-bg-color-light pbmit-bg-image-over-color elementor-section-height-full pbmit-col-stretched-none pbmit-cursor-color-blackish-color elementor-section-boxed elementor-section-height-default elementor-section-items-middle\" data-id=\"a81dcb6\" data-element_type=\"section\" data-settings=\"{&quot;stretch_section&quot;:&quot;section-stretched&quot;}\">\n\t\t\t\t\t\t<div class=\"elementor-container elementor-column-gap-default\">\n\t\t\t\t\t<div class=\"elementor-column elementor-col-100 elementor-top-column elementor-element elementor-element-6c2bc14 pbmit-bg-color-over-image\" data-id=\"6c2bc14\" data-element_type=\"column\">\n\t\t\t<div class=\"elementor-widget-wrap elementor-element-populated\">\n\t\t\t\t\t\t<div class=\"elementor-element elementor-element-eb18707 elementor-widget__width-initial elementor-widget elementor-widget-pbmit_heading\" data-id=\"eb18707\" data-element_type=\"widget\" data-widget_type=\"pbmit_heading.default\">\n\t\t\t\t<div class=\"elementor-widget-container\">\n\t\t\t\t\t\t<div class=\"pbmit-heading-subheading pbmit-heading-subheading-style-1 pbmit-reverse-heading-yes\"><h2 class=\"pbmit-element-title\"><span class=\"ez-toc-section\" id=\"PNUD-SIGOB_y_los_Objetivos_de_Desarrollo_Sostenible_ODS\"><\/span>\r\n\t\t\t\r\n\t\t\t\tPNUD-SIGOB y los Objetivos de Desarrollo Sostenible (ODS)\r\n\t\t\t\r\n\t\t\t<span class=\"ez-toc-section-end\"><\/span><\/h2>\r\n\t\t<div class=\"pbmit-heading-desc\">Nuestro trabajo contribuye a crear instituciones eficaces y transparentes (ODS 16.6) que tiene sinergias con toda la agenda de desarrollo sostenible.<\/div><\/div>\t\t\t\t<\/div>\n\t\t\t\t<\/div>\n\t\t\t\t<div class=\"elementor-element elementor-element-be20bb8 elementor-widget__width-initial pbmit-animation-none elementor-widget elementor-widget-image\" data-id=\"be20bb8\" data-element_type=\"widget\" data-widget_type=\"image.default\">\n\t\t\t\t<div class=\"elementor-widget-container\">\n\t\t\t\t\t\t\t\t\t\t\t\t\t\t\t<img fetchpriority=\"high\" decoding=\"async\" width=\"2560\" height=\"1226\" src=\"https:\/\/w2.sigob.org\/wp-content\/uploads\/2025\/06\/Grafico-ODS-16-espanol.png\" class=\"attachment-full size-full wp-image-879\" alt=\"ODS_16\" srcset=\"https:\/\/w2.sigob.org\/wp-content\/uploads\/2025\/06\/Grafico-ODS-16-espanol.png 2560w, https:\/\/w2.sigob.org\/wp-content\/uploads\/2025\/06\/Grafico-ODS-16-espanol-300x144.png 300w, https:\/\/w2.sigob.org\/wp-content\/uploads\/2025\/06\/Grafico-ODS-16-espanol-1024x490.png 1024w, https:\/\/w2.sigob.org\/wp-content\/uploads\/2025\/06\/Grafico-ODS-16-espanol-768x368.png 768w, https:\/\/w2.sigob.org\/wp-content\/uploads\/2025\/06\/Grafico-ODS-16-espanol-1536x736.png 1536w, https:\/\/w2.sigob.org\/wp-content\/uploads\/2025\/06\/Grafico-ODS-16-espanol-2048x981.png 2048w\" sizes=\"(max-width: 2560px) 100vw, 2560px\" \/>\t\t\t\t\t\t\t\t\t\t\t\t\t\t\t<\/div>\n\t\t\t\t<\/div>\n\t\t\t\t<section class=\"elementor-section elementor-inner-section elementor-element elementor-element-38b65f8 pbmit-col-stretched-none pbmit-cursor-color-blackish-color pbmit-bg-color-over-image elementor-section-boxed elementor-section-height-default elementor-section-height-default\" data-id=\"38b65f8\" data-element_type=\"section\">\n\t\t\t\t\t\t<div class=\"elementor-container elementor-column-gap-no\">\n\t\t\t\t\t<div class=\"elementor-column elementor-col-100 elementor-inner-column elementor-element elementor-element-9b2efc8 pbmit-bg-color-over-image\" data-id=\"9b2efc8\" data-element_type=\"column\">\n\t\t\t<div class=\"elementor-widget-wrap\">\n\t\t\t\t\t\t\t<\/div>\n\t\t<\/div>\n\t\t\t\t\t<\/div>\n\t\t<\/section>\n\t\t\t\t\t<\/div>\n\t\t<\/div>\n\t\t\t\t\t<\/div>\n\t\t<\/section>\n\t\t\t\t<\/div>\n\t\t","protected":false},"excerpt":{"rendered":"<p>01. NOSOTROS Nuestro enfoque Para el PNUD SIGOB la gobernabilidad es un m\u00e9todo de interacci\u00f3n pol\u00edtico-institucional entre el centro de gobierno con: el cuerpo del poder ejecutivo, los otros poderes del Estado, y con una amplia gama de representaciones de la sociedad civil nacional e internacional. El m\u00e9todo tiene como prop\u00f3sito lograr los suficientes niveles [&hellip;]<\/p>\n","protected":false},"author":1,"featured_media":0,"parent":0,"menu_order":0,"comment_status":"closed","ping_status":"closed","template":"","meta":{"_acf_changed":false,"inline_featured_image":false,"footnotes":""},"class_list":["post-263","page","type-page","status-publish","hentry"],"acf":[],"_links":{"self":[{"href":"https:\/\/w2.sigob.org\/index.php\/wp-json\/wp\/v2\/pages\/263","targetHints":{"allow":["GET"]}}],"collection":[{"href":"https:\/\/w2.sigob.org\/index.php\/wp-json\/wp\/v2\/pages"}],"about":[{"href":"https:\/\/w2.sigob.org\/index.php\/wp-json\/wp\/v2\/types\/page"}],"author":[{"embeddable":true,"href":"https:\/\/w2.sigob.org\/index.php\/wp-json\/wp\/v2\/users\/1"}],"replies":[{"embeddable":true,"href":"https:\/\/w2.sigob.org\/index.php\/wp-json\/wp\/v2\/comments?post=263"}],"version-history":[{"count":127,"href":"https:\/\/w2.sigob.org\/index.php\/wp-json\/wp\/v2\/pages\/263\/revisions"}],"predecessor-version":[{"id":1167,"href":"https:\/\/w2.sigob.org\/index.php\/wp-json\/wp\/v2\/pages\/263\/revisions\/1167"}],"wp:attachment":[{"href":"https:\/\/w2.sigob.org\/index.php\/wp-json\/wp\/v2\/media?parent=263"}],"curies":[{"name":"wp","href":"https:\/\/api.w.org\/{rel}","templated":true}]}}